{"id":769,"date":"2014-06-15T16:31:08","date_gmt":"2014-06-15T16:31:08","guid":{"rendered":"http:\/\/zele-apartments.com\/?page_id=769"},"modified":"2024-10-05T21:47:10","modified_gmt":"2024-10-05T19:47:10","slug":"cijene","status":"publish","type":"page","link":"https:\/\/zele-apartments.com\/?page_id=769","title":{"rendered":"Cijene"},"content":{"rendered":"<h1>Cijene<\/h1>\n<table width=\"660\">\n<tbody>\n<tr>\n<th>\n<h6>Apartman<\/h6>\n<\/th>\n<th>\n<h6>Broj osoba<\/h6>\n<\/th>\n<th>\n<h6>01.06. &#8211; 30.06.<\/h6>\n<\/th>\n<th>\n<h6>01.07. &#8211; 31.08.<\/h6>\n<\/th>\n<th>\n<h6>01.09. &#8211; 30.09.<\/h6>\n<\/th>\n<\/tr>\n<tr>\n<td class=\"more\">A1<\/td>\n<td class=\"more\">2+1<\/td>\n<td class=\"more\">40 \u20ac<\/td>\n<td class=\"more\">60 \u20ac<\/td>\n<td class=\"more\">40 \u20ac<\/td>\n<\/tr>\n<tr>\n<td class=\"more\">A2<\/td>\n<td class=\"more\">2+1<\/td>\n<td class=\"more\">40 \u20ac<\/td>\n<td class=\"more\">60 \u20ac<\/td>\n<td class=\"more\">40 \u20ac<\/td>\n<\/tr>\n<tr>\n<td class=\"more\">A3<\/td>\n<td class=\"more\">4+1<\/td>\n<td class=\"more\">50 \u20ac<\/td>\n<td class=\"more\">85 \u20ac<\/td>\n<td class=\"more\">50 \u20ac<\/td>\n<\/tr>\n<\/tbody>\n<\/table>\n<ul>\n<li>navedene cijene su po no\u0107enju<\/li>\n<li>boravi\u0161na pristojba i kori\u0161tenje svih sadr\u017eaja i aparata ura\u010dunati su u cijenu apartmana<\/li>\n<li>minimalni boravak je 5 no\u0107enja<\/li>\n<li>ku\u0107ni ljubimci nisu dozvoljeni<\/li>\n<li>za rezervaciju je potrebno uplatiti 50 eura od ukupne cijene, a preostali iznos po dolasku<\/li>\n<\/ul>\n<p class=\"notice info\">Check-in: nakon 14h<br \/>\nCheck out: prije 10h<\/p>\n","protected":false},"excerpt":{"rendered":"<p>Cijene Apartman Broj osoba 01.06. &#8211; 30.06. 01.07. &#8211; 31.08. 01.09. &#8211; 30.09. A1 2+1 40 \u20ac 60 \u20ac 40 \u20ac A2 2+1 40 \u20ac 60 \u20ac 40 \u20ac A3 4+1 50 \u20ac 85 \u20ac 50 \u20ac navedene cijene su po no\u0107enju boravi\u0161na pristojba i kori\u0161tenje svih sadr\u017eaja i aparata &#8230;<\/p>\n","protected":false},"author":1,"featured_media":0,"parent":0,"menu_order":0,"comment_status":"closed","ping_status":"closed","template":"","meta":{"footnotes":""},"class_list":["post-769","page","type-page","status-publish","hentry","column","onecol"],"_links":{"self":[{"href":"https:\/\/zele-apartments.com\/index.php?rest_route=\/wp\/v2\/pages\/769","targetHints":{"allow":["GET"]}}],"collection":[{"href":"https:\/\/zele-apartments.com\/index.php?rest_route=\/wp\/v2\/pages"}],"about":[{"href":"https:\/\/zele-apartments.com\/index.php?rest_route=\/wp\/v2\/types\/page"}],"author":[{"embeddable":true,"href":"https:\/\/zele-apartments.com\/index.php?rest_route=\/wp\/v2\/users\/1"}],"replies":[{"embeddable":true,"href":"https:\/\/zele-apartments.com\/index.php?rest_route=%2Fwp%2Fv2%2Fcomments&post=769"}],"version-history":[{"count":14,"href":"https:\/\/zele-apartments.com\/index.php?rest_route=\/wp\/v2\/pages\/769\/revisions"}],"predecessor-version":[{"id":1272,"href":"https:\/\/zele-apartments.com\/index.php?rest_route=\/wp\/v2\/pages\/769\/revisions\/1272"}],"wp:attachment":[{"href":"https:\/\/zele-apartments.com\/index.php?rest_route=%2Fwp%2Fv2%2Fmedia&parent=769"}],"curies":[{"name":"wp","href":"https:\/\/api.w.org\/{rel}","templated":true}]}}